{"id":2896,"date":"2019-02-20T20:08:54","date_gmt":"2019-02-20T20:08:54","guid":{"rendered":"https:\/\/hstaging.it\/?page_id=2896"},"modified":"2024-12-11T08:50:34","modified_gmt":"2024-12-11T08:50:34","slug":"caravan-staging","status":"publish","type":"page","link":"https:\/\/hstaging.it\/de\/caravan-staging\/","title":{"rendered":"CARAVAN STAGING"},"content":{"rendered":"<div class=\"fusion-fullwidth fullwidth-box fusion-builder-row-1 hundred-percent-fullwidth non-hundred-percent-height-scrolling\" style=\"--awb-border-radius-top-left:0px;--awb-border-radius-top-right:0px;--awb-border-radius-bottom-right:0px;--awb-border-radius-bottom-left:0px;--awb-overflow:visible;--awb-flex-wrap:wrap;\" ><div class=\"fusion-builder-row fusion-row\"><div class=\"fusion-layout-column fusion_builder_column fusion-builder-column-0 fusion_builder_column_1_1 1_1 fusion-one-full fusion-column-first fusion-column-last fusion-column-no-min-height\" style=\"--awb-bg-size:cover;--awb-margin-bottom:0px;\"><div class=\"fusion-column-wrapper fusion-flex-column-wrapper-legacy\"><div class=\"fusion-text fusion-text-1\"><p>Um dein Haus auf vier R\u00e4dern bestens zu pr\u00e4sentieren<\/p>\n<h3>CARAVAN STAGING: WERTE DEIN HAUS AUF VIER R\u00c4DERN AUF<\/h3>\n<p>Dieser Service ist eine direkte Anwendung des Home Staging im Bereich\u00a0Camping\u00a0&amp;\u00a0Caravaning. Mit dem Carvan Staging kannst du deinen Camper bestens f\u00fcr den Verkauf pr\u00e4sentieren!<\/p>\n<\/div><div class=\"fusion-clearfix\"><\/div><\/div><\/div><\/div><\/div><div class=\"fusion-fullwidth fullwidth-box fusion-builder-row-2 hundred-percent-fullwidth non-hundred-percent-height-scrolling fusion-equal-height-columns\" style=\"--awb-background-position:left top;--awb-border-radius-top-left:0px;--awb-border-radius-top-right:0px;--awb-border-radius-bottom-right:0px;--awb-border-radius-bottom-left:0px;--awb-padding-top:0px;--awb-padding-right:0px;--awb-padding-bottom:0px;--awb-padding-left:0px;--awb-border-sizes-top:0px;--awb-border-sizes-bottom:0px;--awb-flex-wrap:wrap;\" ><div class=\"fusion-builder-row fusion-row\"><div class=\"fusion-layout-column fusion_builder_column fusion-builder-column-1 fusion_builder_column_2_3 2_3 fusion-two-third fusion-column-first\" style=\"--awb-padding-top:10%;--awb-padding-right:10%;--awb-padding-bottom:10%;--awb-padding-left:10%;--awb-bg-color:#f6f6f6;--awb-bg-color-hover:#f6f6f6;--awb-bg-size:cover;--awb-margin-bottom:0px;\"><div class=\"fusion-column-wrapper fusion-flex-column-wrapper-legacy\"><div class=\"fusion-column-content-centered\"><div class=\"fusion-column-content\"><div class=\"fusion-text fusion-text-2\"><h3><b>CARAVAN STAGING<\/b><\/h3>\n<p class=\"p1\">Ad-hoc-Service, um dein Zuhause auf R\u00e4dern attraktiver zu gestalten.<\/p>\n<p class=\"p1\">Vergessen wir nicht, dass uns Emotionen zum Kauf f\u00fchren. Ziel des Caravan Staging ist es, den m\u00f6glichen K\u00e4ufer in seinen Traumurlaub zu projizieren! Eine optimale Pr\u00e4sentation der Innenr\u00e4ume erm\u00f6glicht, die Aufmerksamkeit potenzieller K\u00e4ufer zu gewinnen.<\/p>\n<p class=\"p1\">Der Service beinhaltet:<\/p>\n<p class=\"p1\">\u2022 Erstanalyse, um den Wartungsstatus des Wohnmobils zu bewerten<\/p>\n<p class=\"p1\">\u2022 Liste der Ma\u00dfnahmen die zu ergreifen sind, um eine geeignete Inszenierung vorzubereiten;<\/p>\n<p class=\"p1\">\u2022 Fotoshooting f\u00fcr die Webpr\u00e4sentation des Campers.<\/p>\n<p class=\"p1\">Kosten: ab \u20ac 500,00.- + MwSt<\/p>\n<p class=\"p1\">Die Vermietung von Zubeh\u00f6r, Bettw\u00e4sche und Einrichtungszubeh\u00f6r wird separat berechnet<\/p>\n<\/div><a class=\"inbound-button inbound-track-link\" href=\"https:\/\/hstaging.it\/de\/kontakt\/\" target='_self' style=\"background-color: #0E7DD9; color: #ffffff; font-size:20px;\"><i class=\"fa-arrow-circle-right font-awesome fa\"><\/i>INFOS ANFORDERN<\/a><div class=\"fusion-text fusion-text-3\"><\/div><\/div><\/div><div class=\"fusion-clearfix\"><\/div><\/div><\/div><div class=\"fusion-layout-column fusion_builder_column fusion-builder-column-2 fusion_builder_column_1_3 1_3 fusion-one-third fusion-column-last\" style=\"--awb-bg-image:url(&#039;http:\/\/hstaging.it.w018d290.kasserver.com\/wp-content\/uploads\/2016\/02\/foto_servizi1.jpg&#039;);--awb-bg-size:cover;--awb-margin-bottom:0px;\"><div class=\"fusion-column-wrapper fusion-flex-column-wrapper-legacy fusion-column-has-bg-image\" data-bg-url=\"http:\/\/hstaging.it.w018d290.kasserver.com\/wp-content\/uploads\/2016\/02\/foto_servizi1.jpg\"><div class=\"fusion-text fusion-text-4\"><div style=\"background: #0084E9; padding: 10%;\">\n<h3><span style=\"color: #ffffff;\">CARAVAN STAGING <\/span><\/h3>\n<\/div>\n<\/div><div class=\"fusion-clearfix\"><\/div><\/div><\/div><\/div><\/div>\n","protected":false},"excerpt":{"rendered":"","protected":false},"author":3,"featured_media":0,"parent":0,"menu_order":0,"comment_status":"closed","ping_status":"closed","template":"","meta":{"footnotes":""},"class_list":["post-2896","page","type-page","status-publish","hentry"],"yoast_head":"<!-- This site is optimized with the Yoast SEO plugin v25.1 - https:\/\/yoast.com\/wordpress\/plugins\/seo\/ -->\n<title>Home Relooking Merano - Hstaging<\/title>\n<meta name=\"description\" content=\"Con l&#039;home relooking puoi decidere di cambiare il tuo arredamento e rendere la tua casa pi\u00f9 accogliente: scegli il servizio che fa per te!\" \/>\n<meta name=\"robots\" content=\"index, follow, max-snippet:-1, max-image-preview:large, max-video-preview:-1\" \/>\n<link rel=\"canonical\" href=\"https:\/\/hstaging.it\/de\/caravan-staging\/\" \/>\n<meta property=\"og:locale\" content=\"de_DE\" \/>\n<meta property=\"og:type\" content=\"article\" \/>\n<meta property=\"og:title\" content=\"Home Relooking Merano - Hstaging\" \/>\n<meta property=\"og:description\" content=\"Con l&#039;home relooking puoi decidere di cambiare il tuo arredamento e rendere la tua casa pi\u00f9 accogliente: scegli il servizio che fa per te!\" \/>\n<meta property=\"og:url\" content=\"https:\/\/hstaging.it\/de\/caravan-staging\/\" \/>\n<meta property=\"og:site_name\" content=\"hstaging.it\" \/>\n<meta property=\"article:publisher\" content=\"https:\/\/www.facebook.com\/homestagingmaradegaetano\" \/>\n<meta property=\"article:modified_time\" content=\"2024-12-11T08:50:34+00:00\" \/>\n<meta name=\"twitter:card\" content=\"summary_large_image\" \/>\n<meta name=\"twitter:label1\" content=\"Gesch\u00e4tzte Lesezeit\" \/>\n\t<meta name=\"twitter:data1\" content=\"3\u00a0Minuten\" \/>\n<script type=\"application\/ld+json\" class=\"yoast-schema-graph\">{\"@context\":\"https:\/\/schema.org\",\"@graph\":[{\"@type\":\"WebPage\",\"@id\":\"https:\/\/hstaging.it\/de\/caravan-staging\/\",\"url\":\"https:\/\/hstaging.it\/de\/caravan-staging\/\",\"name\":\"Home Relooking Merano - Hstaging\",\"isPartOf\":{\"@id\":\"https:\/\/hstaging.it\/#website\"},\"datePublished\":\"2019-02-20T20:08:54+00:00\",\"dateModified\":\"2024-12-11T08:50:34+00:00\",\"description\":\"Con l'home relooking puoi decidere di cambiare il tuo arredamento e rendere la tua casa pi\u00f9 accogliente: scegli il servizio che fa per te!\",\"breadcrumb\":{\"@id\":\"https:\/\/hstaging.it\/de\/caravan-staging\/#breadcrumb\"},\"inLanguage\":\"de\",\"potentialAction\":[{\"@type\":\"ReadAction\",\"target\":[\"https:\/\/hstaging.it\/de\/caravan-staging\/\"]}]},{\"@type\":\"BreadcrumbList\",\"@id\":\"https:\/\/hstaging.it\/de\/caravan-staging\/#breadcrumb\",\"itemListElement\":[{\"@type\":\"ListItem\",\"position\":1,\"name\":\"Home\",\"item\":\"https:\/\/hstaging.it\/de\/home\/\"},{\"@type\":\"ListItem\",\"position\":2,\"name\":\"CARAVAN STAGING\"}]},{\"@type\":\"WebSite\",\"@id\":\"https:\/\/hstaging.it\/#website\",\"url\":\"https:\/\/hstaging.it\/\",\"name\":\"hstaging.it\",\"description\":\"Il sito per l&#039;home Staging\",\"potentialAction\":[{\"@type\":\"SearchAction\",\"target\":{\"@type\":\"EntryPoint\",\"urlTemplate\":\"https:\/\/hstaging.it\/?s={search_term_string}\"},\"query-input\":{\"@type\":\"PropertyValueSpecification\",\"valueRequired\":true,\"valueName\":\"search_term_string\"}}],\"inLanguage\":\"de\"}]}<\/script>\n<!-- \/ Yoast SEO plugin. -->","yoast_head_json":{"title":"Home Relooking Merano - Hstaging","description":"Con l'home relooking puoi decidere di cambiare il tuo arredamento e rendere la tua casa pi\u00f9 accogliente: scegli il servizio che fa per te!","robots":{"index":"index","follow":"follow","max-snippet":"max-snippet:-1","max-image-preview":"max-image-preview:large","max-video-preview":"max-video-preview:-1"},"canonical":"https:\/\/hstaging.it\/de\/caravan-staging\/","og_locale":"de_DE","og_type":"article","og_title":"Home Relooking Merano - Hstaging","og_description":"Con l'home relooking puoi decidere di cambiare il tuo arredamento e rendere la tua casa pi\u00f9 accogliente: scegli il servizio che fa per te!","og_url":"https:\/\/hstaging.it\/de\/caravan-staging\/","og_site_name":"hstaging.it","article_publisher":"https:\/\/www.facebook.com\/homestagingmaradegaetano","article_modified_time":"2024-12-11T08:50:34+00:00","twitter_card":"summary_large_image","twitter_misc":{"Gesch\u00e4tzte Lesezeit":"3\u00a0Minuten"},"schema":{"@context":"https:\/\/schema.org","@graph":[{"@type":"WebPage","@id":"https:\/\/hstaging.it\/de\/caravan-staging\/","url":"https:\/\/hstaging.it\/de\/caravan-staging\/","name":"Home Relooking Merano - Hstaging","isPartOf":{"@id":"https:\/\/hstaging.it\/#website"},"datePublished":"2019-02-20T20:08:54+00:00","dateModified":"2024-12-11T08:50:34+00:00","description":"Con l'home relooking puoi decidere di cambiare il tuo arredamento e rendere la tua casa pi\u00f9 accogliente: scegli il servizio che fa per te!","breadcrumb":{"@id":"https:\/\/hstaging.it\/de\/caravan-staging\/#breadcrumb"},"inLanguage":"de","potentialAction":[{"@type":"ReadAction","target":["https:\/\/hstaging.it\/de\/caravan-staging\/"]}]},{"@type":"BreadcrumbList","@id":"https:\/\/hstaging.it\/de\/caravan-staging\/#breadcrumb","itemListElement":[{"@type":"ListItem","position":1,"name":"Home","item":"https:\/\/hstaging.it\/de\/home\/"},{"@type":"ListItem","position":2,"name":"CARAVAN STAGING"}]},{"@type":"WebSite","@id":"https:\/\/hstaging.it\/#website","url":"https:\/\/hstaging.it\/","name":"hstaging.it","description":"Il sito per l&#039;home Staging","potentialAction":[{"@type":"SearchAction","target":{"@type":"EntryPoint","urlTemplate":"https:\/\/hstaging.it\/?s={search_term_string}"},"query-input":{"@type":"PropertyValueSpecification","valueRequired":true,"valueName":"search_term_string"}}],"inLanguage":"de"}]}},"_links":{"self":[{"href":"https:\/\/hstaging.it\/de\/wp-json\/wp\/v2\/pages\/2896","targetHints":{"allow":["GET"]}}],"collection":[{"href":"https:\/\/hstaging.it\/de\/wp-json\/wp\/v2\/pages"}],"about":[{"href":"https:\/\/hstaging.it\/de\/wp-json\/wp\/v2\/types\/page"}],"author":[{"embeddable":true,"href":"https:\/\/hstaging.it\/de\/wp-json\/wp\/v2\/users\/3"}],"replies":[{"embeddable":true,"href":"https:\/\/hstaging.it\/de\/wp-json\/wp\/v2\/comments?post=2896"}],"version-history":[{"count":7,"href":"https:\/\/hstaging.it\/de\/wp-json\/wp\/v2\/pages\/2896\/revisions"}],"predecessor-version":[{"id":3498,"href":"https:\/\/hstaging.it\/de\/wp-json\/wp\/v2\/pages\/2896\/revisions\/3498"}],"wp:attachment":[{"href":"https:\/\/hstaging.it\/de\/wp-json\/wp\/v2\/media?parent=2896"}],"curies":[{"name":"wp","href":"https:\/\/api.w.org\/{rel}","templated":true}]}}