{"id":1353,"date":"2016-03-20T11:03:36","date_gmt":"2016-03-20T11:03:36","guid":{"rendered":"http:\/\/hstaging.it.w018d290.kasserver.com\/de\/?page_id=1353"},"modified":"2024-12-11T08:50:31","modified_gmt":"2024-12-11T08:50:31","slug":"privacycookie-policy","status":"publish","type":"page","link":"https:\/\/hstaging.it\/de\/privacycookie-policy\/","title":{"rendered":"Privacy and Cookie Policy"},"content":{"rendered":"<p>Auf dieser Seite werden die Bedingungen der Websiteverwaltung in Bezug auf die Verarbeitung der personenbezogenen Daten der Benutzer beschrieben die diese Seite besuchen. Es handelt sich dabei um das Informationsschreiben, das auch gem\u00e4\u00df Art. 13 des GvD. Nr. 196\/2003 &#8211; Datenschutzkodex &#8211; f\u00fcr alle wiedergegeben wird, die mit den Dienstleistungen der Website <strong>http:\/\/hstaging.it.w018d290.kasserver.com\/, <\/strong>des Unternehmens <strong>De Gaetano Massimo &amp; Co. SAS<\/strong>, mit Rechtsitz Nazionalstra\u00dfe 67, in Meran (BZ), Steuernummer\/MwSt. Nr.02478680214\u00a0interagieren. Die Informationen gelten nur f\u00fcr diese Website und nicht f\u00fcr andere, \u00fcber Links abgerufene Seiten.<\/p>\n<p>ART DER DATEN<\/p>\n<p><u>Navigationsdaten \/ Cookies<\/u><\/p>\n<p>Nachstehend m\u00f6chten wir Sie \u00fcber den Umgang mit Ihren pers\u00f6nlichen Daten bei Ihrem Besuch auf der Werbseite <strong>hstaging.it<\/strong><strong> informieren<\/strong>, gem\u00e4\u00df der, Erkennung vereinfachter Verfahren zur Information und zum Erhalt der Zustimmung f\u00fcr die Verwendung der Cookies &#8211; 8. Mai 2014 die im Amtsblatt Nr. 126 vom 3. Juni 2014 ver\u00f6ffentlicht wurde, sowie weitere Eingriffe rund um das Thema Cookies.<\/p>\n<p><strong>hstaging.it<\/strong>\u00a0 m\u00f6chte die Nutzer darauf hinweisen dass in dieser Webseite nur \u201etechnische Cookies\u201c verwendet: Technische Cookies werden normalerweise direkt vom Inhaber der Webseite ausschlie\u00dflich zum Erfassen einiger Informationen auf einem elektronischen Kommunikationsnetz gesetzt; sie werden f\u00fcr keine anderen Zwecke genutzt. Ohne Einsatz \u201etechnischer\u201c Cookies w\u00fcrden sich einige Operationen in der Durchf\u00fchrung als sehr komplex und unsicher erweisen. Die Webseite benutzt auch \u201cCookies Analytics\u201d. Die technischen Cookies von Google Analytics helfen dabei, zu verstehen, wie die Besucher die Website verwenden. Die Daten werden zu statistischen Zwecken auf anonyme Weise gespeichert.<\/p>\n<p>Technische Cookies ben\u00f6tigen laut der Beh\u00f6rde f\u00fcr den Schutz personenbezogener Daten nicht die ausdr\u00fcckliche Zustimmung zu deren Verwendung (Gem\u00e4\u00df der, Erkennung vereinfachter Verfahren zur Information und zum Erhalt der Zustimmung f\u00fcr die Verwendung der Cookies &#8211; 8. Mai 2014 die im Amtsblatt Nr. 126 vom 3. Juni 2014 ver\u00f6ffentlicht wurde). Weitere Informationen \u00fcber die Cookies von Google Analytics sind unter der folgenden Adresse erh\u00e4ltlich:\u00a0<a href=\"http:\/\/www.google.com\/intl\/it_ALL\/analytics\/learn\/privacy.html\">http:\/\/www.google.com\/intl\/it_ALL\/analytics\/learn\/privacy.html<\/a><\/p>\n<p>Wir weisen darauf hin dass diese Webseite <u>keine <\/u>Profilierungs-Cookies verwendet: Diese zeichnen Ihre Navigation auf und erstellen aus Ihrem Surfverhalten ein Nutzerprofil. Auf diese Weise k\u00f6nnen personalisierte Werbebotschaften \u00fcbermittelt werden, die den Interessen und Gewohnheiten der Benutzer entsprechen.<\/p>\n<p>Wir m\u00f6chten Sie infolge \u00fcber die technischen Aspekte, technische Cookies und Protokolle aufkl\u00e4ren:<\/p>\n<ul>\n<li>Die EDV- Systeme und Software-Verfahren zum Betreiben der vorliegenden Internetseite erwerben w\u00e4hrend ihres normalen Betriebs einige personenbezogene Daten, deren \u00dcbertragung bei der Nutzung der Internet-Kommunikationsprotokolle implizit ist.<\/li>\n<li>Diese Informationen werden nicht gesammelt, um mit der betroffenen identifizierten Person verkn\u00fcpft zu werden, trotzdem k\u00f6nnten sie, ihrem Wesen nach, durch die Verarbeitung und Verkn\u00fcpfung mit Daten im Besitz von Dritten, den Benutzer identifizieren.<\/li>\n<li>Dieser Kategorie von Daten geh\u00f6ren die IP-Adressen oder Domain-Namen der Computer von Benutzern der Website, die Notation-Adressen URI (Uniform Resource Identifier) der angeforderten Ressourcen, das Datum und die Uhrzeit der Anfrage, die verwendete Methode zur Unterbreitung der Anfrage an den Server, die Gr\u00f6\u00dfe der als Antwort erhaltenen Datei, der numerische Code, der den Status der vom Server gegebenen Antwort zeigt bzw. andere Parameter in Bezug auf das Betriebssystem und die Computer-Umgebung des Benutzers.<\/li>\n<li>Diese Daten werden nur verwendet, um anonyme Statistiken \u00fcber die Website-Nutzung zu erhalten bzw. um das korrekte Funktionieren zu \u00fcberpr\u00fcfen. Die Daten k\u00f6nnten von den Justizbeh\u00f6rden verwendet werden, um die Verantwortung im Falle von Computerstraftaten gegen die Website zu ermitteln.<\/li>\n<\/ul>\n<p>Wir teilen Ihnen au\u00dferdem mit, dass Sie abgesehen von der Art der verwendeten Cookies, Einstellungen anpassen und Cookies l\u00f6schen k\u00f6nnen:<\/p>\n<ul>\n<li>Blockiert Cookies von Drittanbietern: da die Cookies von Drittanbietern nicht unbedingt notwendig sind um auf der Webseite zu surfen, k\u00f6nnen diese standardm\u00e4\u00dfig (Default) blockiert werden,<\/li>\n<li>Die Option <em>Do Not Track ist ein weiterer Schutz<\/em>. Der Tracking-Schutz tr\u00e4gt dazu bei, dass Ihre Browserinfos nicht an Drittinhaltsanbieter auf besuchten Websites gesendet werden. Zu diesem Zweck werden Inhalte von diesen Anbietern blockiert. Allerdings respektieren nicht alle Webseite diese Option.<\/li>\n<li>Sie k\u00f6nnen auch die Option \u201canonym Surfen\u201c \u201c w\u00e4hlen. Ein Zur\u00fcckverfolgen bis zu Ihrem Computer ist so nahezu unm\u00f6glich und Sie hinterlassen fast keine Spuren. Die Funktion \u201canonym surfen\u201d gew\u00e4hrleistet nicht die Anonymit\u00e4t im Internet, weil sie nur dazu dient, die Navigationsdaten nicht im Browser zu halten, w\u00e4hrend die Internetdaten den Betreibern von Websites und Connectivity- Anbietern verf\u00fcgbar bleiben.<\/li>\n<li>Cookies l\u00f6schen: daf\u00fcr gibt es eigene Funktionen in allen Browser. Jedes Mal, wenn Sie sich im Internet verbinden werden allerdings neue Cookies heruntergeladen, so dass der L\u00f6schvorgang in regelm\u00e4\u00dfigen Abst\u00e4nden durchgef\u00fchrt werden sollte. Falls gew\u00fcnscht, bieten einige Browser automatisierte Systeme f\u00fcr die regelm\u00e4\u00dfige L\u00f6schung von Cookies an.<\/li>\n<\/ul>\n<p>Weitere Informationen zum Thema \u201eCookies\u201c k\u00f6nnen Sie \u00fcber die folgenden Links erhalten: <strong>http:\/\/www.garanteprivacy.it\/cookie<\/strong><\/p>\n<p><u>Vom Nutzer freiwillig gelieferte Daten.<\/u><\/p>\n<p>Die fakultative Eingabe von Daten auf der Website <strong>http:\/\/hstaging.it.w018d290.kasserver.com\/<\/strong> enthaltene Formulare wie auch die fakultative, explizite und freiwillige Sendung von Daten in Webformularen oder von E-Mails an die auf dieser Website angegebenen Adressen f\u00fcr den Erhalt spezifischer Dienste (zum Beispiel die Zusendung des Newsletters) und\/oder den Empfang von Mitteilungen und Informationen, f\u00fchrt zur Erhebung der Adresse des Senders, die zur Beantwortung der Anfragen oder zur Erbringung der Dienste und zur Lieferung der gew\u00fcnschten Mitteilungen und Informationen notwendig ist, sowie eventueller anderer, eingegebener personenbezogener Daten.<\/p>\n<p>Wir m\u00f6chten Sie darauf hinweisen, dass auf dieser Webseite in keiner Art und Weise und f\u00fcr keine Funktion sogenannte \u201esensiblen Daten\u201c erfordert werden, welche Informationen \u00fcber ihre rassische und ethnische Herkunft, politische Meinung, Gewerkschaftszugeh\u00f6rigkeit, religi\u00f6se oder philosophische \u00dcberzeugung, Gesundheit oder ihr Sexualleben erteilen.<\/p>\n<p>\u00dcbermittlung der personenbezogenen Nutzerdaten<\/p>\n<p>Die Mitteilung der personenbezogenen Daten erfolgt freiwillig, kann aber erforderlich sein (dies gilt f\u00fcr die Daten in den mit Sternchen gekennzeichneten Feldern), damit dem Nutzer alle Funktionalit\u00e4ten der Website zur Verf\u00fcgung stehen. Die fehlende, nur teilweise oder ungenaue Angabe der pers\u00f6nlichen Daten in den mit Sternchen gekennzeichneten Feldern verhindert die volle Funktionalit\u00e4t der Seite, da diese Informationen f\u00fcr die Durchf\u00fchrung des angeforderten Dienstes erforderlich sind.<\/p>\n<p>Modalit\u00e4ten der Datenverarbeitung<\/p>\n<p>In unsere Webseite <strong>http:\/\/hstaging.it.w018d290.kasserver.com\/<\/strong><strong> werden <\/strong>besondere Sicherheitsma\u00dfnahmen getroffen, um Datenverlust, illegale oder unsachgem\u00e4\u00dfe Verwendung und unberechtigten Zugriff zu vermeiden. Die vom Benutzer gelieferten Daten beim Ausf\u00fcllen der Formulare werden f\u00fcr die notwendige Zeit und die Zwecke, f\u00fcr die sie erhoben wurden verarbeitet und werden nach den Prinzipien der Korrektheit, Legalit\u00e4t, Transparenz und Schutz Ihrer Privatsph\u00e4re und Ihrer Rechte behandelt. Insbesondere ist zu beachten, dass die Datenverarbeitung unter Einhaltung aller gesetzlichen Mindestsicherheitsma\u00dfnahmen gem\u00e4\u00df Art. 31,33,34,35 und Anhang B) in \u00dcbereinstimmung des Art. 11 des Gesetzesdekretes 196\/03 verarbeitet werden.<\/p>\n<p>Der Betroffene kann seine Daten jederzeit berichtigen oder l\u00f6schen.<\/p>\n<p>&nbsp;<\/p>\n<p>KOMMUNIKATION UND WEITERGABE DER DATEN<\/p>\n<p>Die korrekte Erbringung der gew\u00fcnschten Leistungen kann zur Folge haben, dass interne Mitarbeiter als Beauftragte und\/oder Verantwortliche der Datenverarbeitung sowie Drittgesellschaften die eng mit der Erbringung dieser Leistungen verbundenen und zweckdienlichen Aufgaben nachgehen, Zugriff auf die personenbezogenen Daten haben die in der Webseite <strong>http:\/\/hstaging.it.w018d290.kasserver.com\/<\/strong>, gesammelt werden.<\/p>\n<p>Falls interne oder externe EDV-Techniker f\u00fcr gelegentliche Wartung, Upgrades, Support, oder im Falle einer St\u00f6rung eingesetzt werden, k\u00f6nnen Ihre Webdaten nicht au\u00dferhalb der Firma bekannt gegeben .werden<\/p>\n<p>IHRE RECHTE<\/p>\n<p>Gem\u00e4\u00df Art. 7 des GvD. Nr. 196\/2003 haben Sie das Recht auf Zugang zu den Daten, auf deren unverz\u00fcgliche Aktualisierung oder die L\u00f6schung der widerrechtlich verarbeiteten Daten:<\/p>\n<ol>\n<li>Die betroffene Person hat das Recht, Auskunft dar\u00fcber zu erhalten, ob Daten vorhanden sind, die sie betreffen, und zwar auch dann, wenn diese noch nicht gespeichert sind; sie hat ferner das Recht, dass ihr diese Daten in verst\u00e4ndlicher Form \u00fcbermittelt werden.<\/li>\n<li>Die betroffene Person hat das Recht auf Auskunft \u00fcber:<\/li>\n<li>a) die Herkunft der personenbezogenen Daten;<\/li>\n<li>b) den Zweck und die Modalit\u00e4ten der Verarbeitung;<\/li>\n<li>c) das angewandte System, falls die Daten elektronisch verarbeitet werden;<\/li>\n<li>d) die wichtigsten Daten zur Identifizierung des Rechtsinhabers, der Verantwortlichen und des im Sinne von Artikel 5 Absatz 2 namhaft gemachten Vertreters;<\/li>\n<li>e) Die Personen oder Kategorien von Personen, denen die personenbezogenen Daten \u00fcbermittelt werden k\u00f6nnen oder die als im Staatsgebiet namhaft gemachte Vertreter, als Verantwortliche oder als Beauftragte davon Kenntnis erlangen k\u00f6nnen.<\/li>\n<li>Die betroffene Person hat das Recht auf Auskunft \u00fcber:<\/li>\n<li>a) Die Aktualisierung, die Berichtigung oder, sofern interessiert, die Erg\u00e4nzung der Daten zu verlangen;<\/li>\n<li>b) la zu verlangen, dass widerrechtlich verarbeitete Daten gel\u00f6scht, anonymisiert oder gesperrt werden; dies gilt auch f\u00fcr Daten, deren Aufbewahrung oder Speicherung f\u00fcr die Zwecke, f\u00fcr die sie erhoben oder sp\u00e4ter verarbeitet wurden, nicht erforderlich ist;<\/li>\n<li>c) eine Best\u00e4tigung dar\u00fcber zu erhalten, dass die unter den Buchstaben a) und b) angegebenen Vorg\u00e4nge, auch was ihren Inhalt betrifft, jenen mitgeteilt wurden, denen die Daten \u00fcbermittelt oder bei denen sie verbreitet wurden, sofern sich dies nicht als unm\u00f6glich erweist oder der Aufwand an Mitteln im Verh\u00e4ltnis zum gesch\u00fctzten Recht unvertretbar gro\u00df w\u00e4re.<\/li>\n<li>Die betroffene Person hat das Recht, sich ganz oder teilweise:<\/li>\n<li>a) Der Verarbeitung personenbezogener Daten, die sie betreffen, aus legitimen Gr\u00fcnden zu widersetzen, auch wenn diese Daten dem Zweck der Sammlung entsprechen;<\/li>\n<li>b) der Verarbeitung personenbezogener Daten, die sie betreffen, zu widersetzen, wenn diese Verarbeitung zum Zwecke des Versands von Werbematerial oder des Direktverkaufs, zur Markt- oder Meinungsforschung oder zur Handelsinformation erfolgt.<\/li>\n<\/ol>\n<p>Laut Artikel 7 \u2013 haben Sie Recht auf den Zugang zu personenbezogenen Daten und k\u00f6nnen eine direkte Anfrage an folgende Adresse senden:<\/p>\n<p>MAIL <strong>contatti@hstaging.it.w018d290.kasserver.com \u00a0 \u00a0<\/strong>FAX <strong>0473 237387<\/strong><\/p>\n<p>&nbsp;<\/p>\n<p>Inhaber und Verantwortlicher der Datenverarbeitung laut Art. 5<\/p>\n<p>I Rechtsinhaber der personenbezogenen Daten ist <strong>MARA DE GAETANO<\/strong>, in der Person des gesetzlichen Vertreters pro tempore. Der Inhaber hat Frau Mara De Gaetano als Verantwortlicher der Datenbearbeitung ernannt. Die komplette und aktualisierte Liste der Verantwortlichen der Datenverarbeitung ist im Rechtssitz in der Nazionalstra\u00dfe 67 in Meran\u00a0(BZ) erh\u00e4ltlich. Bitte senden Sie eine Anfrage an folgende Adresse:<\/p>\n<p>MAIL <strong>contatti@hstaging.it.w018d290.kasserver.com \u00a0 \u00a0<\/strong>FAX <strong>0473 237387<\/strong><\/p>\n<p>\u00c4NDERUNGEN DER PRIVACY POLICY<\/p>\n<p>Der Rechtsinhaber der Datenverarbeitung kann jederzeit \u00c4nderungen in dieser Privacy Policy vornehmen. Alle \u00c4nderungen werden auf dieser Seite ver\u00f6ffentlicht. Wir empfehlen Ihnen, diese Datenschutzerkl\u00e4rung regelm\u00e4\u00dfig zu lesen, damit Sie stets auf dem aktuellen Stand dazu sind ( siehe Datum Update). Wenn Sie die \u00c4nderungen dieser Datenschutzerkl\u00e4rung nicht annehmen, d\u00fcrfen Sie diese Webseite nicht mehr benutzen und k\u00f6nnen dem Rechtsinhaber der Daten die L\u00f6schung der Daten beantragen. Die vorhergehende Privacy Policy wird nach wie vor f\u00fcr die bis dahin gesammelten Daten angewandt werden.<\/p>\n<p>F\u00fcr Fragen, Hinweise, Kommentare bez\u00fcglich dieser Privacy Policy bitten wir Sie, uns an der oben angegebenen Adresse zu kontaktieren. Falls Sie diese Privacy Policy nicht \u00f6ffnen k\u00f6nnen, bitten wir Sie uns zu verst\u00e4ndigen, damit wir eine alternative Ver\u00f6ffentlichungsform finden k\u00f6nnen.<\/p>\n<p>Datum des letzten Updates: 24 Februar 2016<\/p>\n","protected":false},"excerpt":{"rendered":"<p>Auf dieser Seite werden die Bedingungen der Websiteverwaltung in Bezug auf die Verarbeitung der personenbezogenen Daten der Benutzer beschrieben die diese Seite besuchen. Es handelt sich dabei um das Informationsschreiben, das auch gem\u00e4\u00df Art. 13 des GvD. Nr. 196\/2003 &#8211; Datenschutzkodex &#8211; f\u00fcr alle wiedergegeben wird, die mit den Dienstleistungen der Website http:\/\/hstaging.it.w018d290.kasserver.com\/, des Unternehmens  [&#8230;]<\/p>\n","protected":false},"author":3,"featured_media":0,"parent":0,"menu_order":0,"comment_status":"closed","ping_status":"closed","template":"","meta":{"footnotes":""},"class_list":["post-1353","page","type-page","status-publish","hentry"],"yoast_head":"<!-- This site is optimized with the Yoast SEO plugin v25.1 - https:\/\/yoast.com\/wordpress\/plugins\/seo\/ -->\n<title>Privacy and Cookie Policy - hstaging.it<\/title>\n<meta name=\"robots\" content=\"index, nofollow, max-snippet:-1, max-image-preview:large, max-video-preview:-1\" \/>\n<link rel=\"canonical\" href=\"https:\/\/hstaging.it\/de\/privacycookie-policy\/\" \/>\n<meta property=\"og:locale\" content=\"de_DE\" \/>\n<meta property=\"og:type\" content=\"article\" \/>\n<meta property=\"og:title\" content=\"Privacy and Cookie Policy - hstaging.it\" \/>\n<meta property=\"og:description\" content=\"Auf dieser Seite werden die Bedingungen der Websiteverwaltung in Bezug auf die Verarbeitung der personenbezogenen Daten der Benutzer beschrieben die diese Seite besuchen. Es handelt sich dabei um das Informationsschreiben, das auch gem\u00e4\u00df Art. 13 des GvD. Nr. 196\/2003 &#8211; Datenschutzkodex &#8211; f\u00fcr alle wiedergegeben wird, die mit den Dienstleistungen der Website http:\/\/hstaging.it.w018d290.kasserver.com\/, des Unternehmens [...]\" \/>\n<meta property=\"og:url\" content=\"https:\/\/hstaging.it\/de\/privacycookie-policy\/\" \/>\n<meta property=\"og:site_name\" content=\"hstaging.it\" \/>\n<meta property=\"article:publisher\" content=\"https:\/\/www.facebook.com\/homestagingmaradegaetano\" \/>\n<meta property=\"article:modified_time\" content=\"2024-12-11T08:50:31+00:00\" \/>\n<meta name=\"twitter:card\" content=\"summary_large_image\" \/>\n<meta name=\"twitter:label1\" content=\"Gesch\u00e4tzte Lesezeit\" \/>\n\t<meta name=\"twitter:data1\" content=\"9\u00a0Minuten\" \/>\n<script type=\"application\/ld+json\" class=\"yoast-schema-graph\">{\"@context\":\"https:\/\/schema.org\",\"@graph\":[{\"@type\":\"WebPage\",\"@id\":\"https:\/\/hstaging.it\/de\/privacycookie-policy\/\",\"url\":\"https:\/\/hstaging.it\/de\/privacycookie-policy\/\",\"name\":\"Privacy and Cookie Policy - hstaging.it\",\"isPartOf\":{\"@id\":\"https:\/\/hstaging.it\/#website\"},\"datePublished\":\"2016-03-20T11:03:36+00:00\",\"dateModified\":\"2024-12-11T08:50:31+00:00\",\"breadcrumb\":{\"@id\":\"https:\/\/hstaging.it\/de\/privacycookie-policy\/#breadcrumb\"},\"inLanguage\":\"de\",\"potentialAction\":[{\"@type\":\"ReadAction\",\"target\":[\"https:\/\/hstaging.it\/de\/privacycookie-policy\/\"]}]},{\"@type\":\"BreadcrumbList\",\"@id\":\"https:\/\/hstaging.it\/de\/privacycookie-policy\/#breadcrumb\",\"itemListElement\":[{\"@type\":\"ListItem\",\"position\":1,\"name\":\"Home\",\"item\":\"https:\/\/hstaging.it\/de\/home\/\"},{\"@type\":\"ListItem\",\"position\":2,\"name\":\"Privacy and Cookie Policy\"}]},{\"@type\":\"WebSite\",\"@id\":\"https:\/\/hstaging.it\/#website\",\"url\":\"https:\/\/hstaging.it\/\",\"name\":\"hstaging.it\",\"description\":\"Il sito per l&#039;home Staging\",\"potentialAction\":[{\"@type\":\"SearchAction\",\"target\":{\"@type\":\"EntryPoint\",\"urlTemplate\":\"https:\/\/hstaging.it\/?s={search_term_string}\"},\"query-input\":{\"@type\":\"PropertyValueSpecification\",\"valueRequired\":true,\"valueName\":\"search_term_string\"}}],\"inLanguage\":\"de\"}]}<\/script>\n<!-- \/ Yoast SEO plugin. -->","yoast_head_json":{"title":"Privacy and Cookie Policy - hstaging.it","robots":{"index":"index","follow":"nofollow","max-snippet":"max-snippet:-1","max-image-preview":"max-image-preview:large","max-video-preview":"max-video-preview:-1"},"canonical":"https:\/\/hstaging.it\/de\/privacycookie-policy\/","og_locale":"de_DE","og_type":"article","og_title":"Privacy and Cookie Policy - hstaging.it","og_description":"Auf dieser Seite werden die Bedingungen der Websiteverwaltung in Bezug auf die Verarbeitung der personenbezogenen Daten der Benutzer beschrieben die diese Seite besuchen. Es handelt sich dabei um das Informationsschreiben, das auch gem\u00e4\u00df Art. 13 des GvD. Nr. 196\/2003 &#8211; Datenschutzkodex &#8211; f\u00fcr alle wiedergegeben wird, die mit den Dienstleistungen der Website http:\/\/hstaging.it.w018d290.kasserver.com\/, des Unternehmens [...]","og_url":"https:\/\/hstaging.it\/de\/privacycookie-policy\/","og_site_name":"hstaging.it","article_publisher":"https:\/\/www.facebook.com\/homestagingmaradegaetano","article_modified_time":"2024-12-11T08:50:31+00:00","twitter_card":"summary_large_image","twitter_misc":{"Gesch\u00e4tzte Lesezeit":"9\u00a0Minuten"},"schema":{"@context":"https:\/\/schema.org","@graph":[{"@type":"WebPage","@id":"https:\/\/hstaging.it\/de\/privacycookie-policy\/","url":"https:\/\/hstaging.it\/de\/privacycookie-policy\/","name":"Privacy and Cookie Policy - hstaging.it","isPartOf":{"@id":"https:\/\/hstaging.it\/#website"},"datePublished":"2016-03-20T11:03:36+00:00","dateModified":"2024-12-11T08:50:31+00:00","breadcrumb":{"@id":"https:\/\/hstaging.it\/de\/privacycookie-policy\/#breadcrumb"},"inLanguage":"de","potentialAction":[{"@type":"ReadAction","target":["https:\/\/hstaging.it\/de\/privacycookie-policy\/"]}]},{"@type":"BreadcrumbList","@id":"https:\/\/hstaging.it\/de\/privacycookie-policy\/#breadcrumb","itemListElement":[{"@type":"ListItem","position":1,"name":"Home","item":"https:\/\/hstaging.it\/de\/home\/"},{"@type":"ListItem","position":2,"name":"Privacy and Cookie Policy"}]},{"@type":"WebSite","@id":"https:\/\/hstaging.it\/#website","url":"https:\/\/hstaging.it\/","name":"hstaging.it","description":"Il sito per l&#039;home Staging","potentialAction":[{"@type":"SearchAction","target":{"@type":"EntryPoint","urlTemplate":"https:\/\/hstaging.it\/?s={search_term_string}"},"query-input":{"@type":"PropertyValueSpecification","valueRequired":true,"valueName":"search_term_string"}}],"inLanguage":"de"}]}},"_links":{"self":[{"href":"https:\/\/hstaging.it\/de\/wp-json\/wp\/v2\/pages\/1353","targetHints":{"allow":["GET"]}}],"collection":[{"href":"https:\/\/hstaging.it\/de\/wp-json\/wp\/v2\/pages"}],"about":[{"href":"https:\/\/hstaging.it\/de\/wp-json\/wp\/v2\/types\/page"}],"author":[{"embeddable":true,"href":"https:\/\/hstaging.it\/de\/wp-json\/wp\/v2\/users\/3"}],"replies":[{"embeddable":true,"href":"https:\/\/hstaging.it\/de\/wp-json\/wp\/v2\/comments?post=1353"}],"version-history":[{"count":1,"href":"https:\/\/hstaging.it\/de\/wp-json\/wp\/v2\/pages\/1353\/revisions"}],"predecessor-version":[{"id":1354,"href":"https:\/\/hstaging.it\/de\/wp-json\/wp\/v2\/pages\/1353\/revisions\/1354"}],"wp:attachment":[{"href":"https:\/\/hstaging.it\/de\/wp-json\/wp\/v2\/media?parent=1353"}],"curies":[{"name":"wp","href":"https:\/\/api.w.org\/{rel}","templated":true}]}}