{"id":1119,"date":"2016-02-29T22:49:49","date_gmt":"2016-02-29T22:49:49","guid":{"rendered":"http:\/\/hstaging.it.w018d290.kasserver.com\/de\/?page_id=1119"},"modified":"2024-12-11T08:50:35","modified_gmt":"2024-12-11T08:50:35","slug":"home-staging","status":"publish","type":"page","link":"https:\/\/hstaging.it\/de\/home-staging\/","title":{"rendered":"HOME STAGING"},"content":{"rendered":"<div class=\"fusion-fullwidth fullwidth-box fusion-builder-row-1 hundred-percent-fullwidth non-hundred-percent-height-scrolling\" style=\"--awb-border-radius-top-left:0px;--awb-border-radius-top-right:0px;--awb-border-radius-bottom-right:0px;--awb-border-radius-bottom-left:0px;--awb-overflow:visible;--awb-padding-right:0px;--awb-padding-left:0px;--awb-margin-top:0px;--awb-margin-bottom:40px;--awb-background-color:#f6f6f6;--awb-flex-wrap:wrap;\" ><div class=\"fusion-builder-row fusion-row\"><div class=\"fusion-layout-column fusion_builder_column fusion-builder-column-0 fusion_builder_column_1_1 1_1 fusion-one-full fusion-column-first fusion-column-last fusion-column-no-min-height\" style=\"--awb-padding-right:10%;--awb-padding-left:10%;--awb-bg-size:cover;--awb-margin-bottom:0px;\"><div class=\"fusion-column-wrapper fusion-flex-column-wrapper-legacy\"><div class=\"fusion-text fusion-text-1\"><p>Es gibt verschiedene Arten von Beratung und Eingriffen die auf die Kundenbed\u00fcrfnisse abgestimmt werden, und erst nach einem ersten kostenlosen Lokalaugenschein bestimmt werden k\u00f6nnen.<\/p>\n<h3>HOME STAGING F\u00dcR NEUE IMMOBILIEN OHNE EINRICHTUNG<\/h3>\n<p>Diese Art von Eingriff ist der einzige der \u00f6konomisch quantifiziert werden kann. In Anbetracht des Ausbaus, und des Volumen eines Geb\u00e4udes reicht es normalerweise aus ca. 1% seines Wertes zu investieren. Das ist bedeutend weniger als die allgemeine Preisreduzierung einer Immobilie die f\u00fcr lange Zeit unverkauft am Markt bleibt.<\/p>\n<\/div><div class=\"fusion-clearfix\"><\/div><\/div><\/div><\/div><\/div><div class=\"fusion-fullwidth fullwidth-box fusion-builder-row-2 hundred-percent-fullwidth non-hundred-percent-height-scrolling fusion-equal-height-columns\" style=\"--awb-background-position:left top;--awb-border-radius-top-left:0px;--awb-border-radius-top-right:0px;--awb-border-radius-bottom-right:0px;--awb-border-radius-bottom-left:0px;--awb-padding-top:0px;--awb-padding-right:10%;--awb-padding-bottom:0px;--awb-padding-left:10%;--awb-background-color:#f6f6f6;--awb-border-sizes-top:0px;--awb-border-sizes-bottom:0px;--awb-flex-wrap:wrap;\" ><div class=\"fusion-builder-row fusion-row\"><div class=\"fusion-layout-column fusion_builder_column fusion-builder-column-1 fusion_builder_column_2_3 2_3 fusion-two-third fusion-column-first\" style=\"--awb-padding-top:10%;--awb-padding-right:10%;--awb-padding-bottom:10%;--awb-padding-left:10%;--awb-bg-color:#f6f6f6;--awb-bg-color-hover:#f6f6f6;--awb-bg-size:cover;--awb-margin-bottom:0px;\"><div class=\"fusion-column-wrapper fusion-flex-column-wrapper-legacy\"><div class=\"fusion-column-content-centered\"><div class=\"fusion-column-content\"><div class=\"fusion-text fusion-text-2\"><h3>BASISBERATUNG HOME STAGING<\/h3>\n<p>Sie erhalten Hinweise um eine Wohnung zum Verkauf oder zur Miete vorzubereiten: <strong>home Relooking<\/strong> .<\/p>\n<p>Die Dienstleistung beinhaltet:<\/p>\n<p>Lokalaugenschein der Immobilie (Innen-und Au\u00dfenbereich)<\/p>\n<p>Vorort Beratung<\/p>\n<p>Auflistung der Ma\u00dfnahmen um zuk\u00fcnftige Besuche der Interessenten zu f\u00f6rdern<\/p>\n<p>Bei Bedarf Vermittlung von Handwerkern<\/p>\n<p>Kosten:\u00a0500 \u20ac + MwSt. f\u00fcr eine Wohnfl\u00e4che von ca. 80 m2<\/p>\n<p>Realisierung eines effizienten Foto-Shooting der Immobilie und Ver\u00f6ffentlichung im Internet zu \u20ac 250,00 \u20ac + MwSt.<\/p>\n<\/div><\/div><\/div><div class=\"fusion-clearfix\"><\/div><\/div><\/div><div class=\"fusion-layout-column fusion_builder_column fusion-builder-column-2 fusion_builder_column_1_3 1_3 fusion-one-third fusion-column-last\" style=\"--awb-bg-image:url(&#039;https:\/\/hstaging.it\/wp-content\/uploads\/2016\/02\/foto_servizi1.jpg&#039;);--awb-bg-size:cover;--awb-margin-bottom:0px;\"><div class=\"fusion-column-wrapper fusion-column-has-shadow fusion-flex-column-wrapper-legacy fusion-column-has-bg-image\" data-bg-url=\"https:\/\/hstaging.it\/wp-content\/uploads\/2016\/02\/foto_servizi1.jpg\"><div class=\"fusion-text fusion-text-3\"><div style=\"background: #0084E9; padding: 10%;\">\n<h3><span style=\"color: #ffffff;\">BASISBERATUNG HOME STAGING<\/span><\/h3>\n<\/div>\n<\/div><div class=\"fusion-clearfix\"><\/div><\/div><\/div><\/div><\/div><div class=\"fusion-fullwidth fullwidth-box fusion-builder-row-3 hundred-percent-fullwidth non-hundred-percent-height-scrolling fusion-equal-height-columns\" style=\"--awb-background-position:left top;--awb-border-radius-top-left:0px;--awb-border-radius-top-right:0px;--awb-border-radius-bottom-right:0px;--awb-border-radius-bottom-left:0px;--awb-padding-top:0px;--awb-padding-right:10%;--awb-padding-bottom:0px;--awb-padding-left:10%;--awb-background-color:#f6f6f6;--awb-border-sizes-top:0px;--awb-border-sizes-bottom:0px;--awb-flex-wrap:wrap;\" ><div class=\"fusion-builder-row fusion-row\"><div class=\"fusion-layout-column fusion_builder_column fusion-builder-column-3 fusion_builder_column_1_3 1_3 fusion-one-third fusion-column-first\" style=\"--awb-bg-image:url(&#039;https:\/\/hstaging.it\/wp-content\/uploads\/2019\/03\/staging.jpg&#039;);--awb-bg-position:center center;--awb-bg-size:cover;--awb-margin-bottom:0px;\"><div class=\"fusion-column-wrapper fusion-column-has-shadow fusion-flex-column-wrapper-legacy fusion-column-has-bg-image\" data-bg-url=\"https:\/\/hstaging.it\/wp-content\/uploads\/2019\/03\/staging.jpg\"><div class=\"fusion-text fusion-text-4\"><div style=\"background: #0084E9; padding: 10%;\">\n<h3><span style=\"color: #ffffff;\">KOMPLETTE HOME STAGING BERATUNG: HOME RELOOKING<\/span><\/h3>\n<\/div>\n<\/div><div class=\"fusion-clearfix\"><\/div><\/div><\/div><div class=\"fusion-layout-column fusion_builder_column fusion-builder-column-4 fusion_builder_column_2_3 2_3 fusion-two-third fusion-column-last\" style=\"--awb-padding-top:10%;--awb-padding-right:10%;--awb-padding-bottom:10%;--awb-padding-left:10%;--awb-bg-color:#f6f6f6;--awb-bg-color-hover:#f6f6f6;--awb-bg-size:cover;--awb-margin-bottom:0px;\"><div class=\"fusion-column-wrapper fusion-flex-column-wrapper-legacy\"><div class=\"fusion-column-content-centered\"><div class=\"fusion-column-content\"><div class=\"fusion-text fusion-text-5\"><h3>KOMPLETTE HOME STAGING BERATUNG: HOME RELOOKING<\/h3>\n<p>Der Service umfasst die Planung und die Durchf\u00fchrung.<\/p>\n<p>Der Service umfasst:<\/p>\n<ul>\n<li>Lokalaugenschein um das Potential der Immobilie zu bewerten, Fotografieren der R\u00e4umlichkeiten um die Eingriffe festzulegen.<\/li>\n<li>Projekt f\u00fcr die Reorganisation der R\u00e4ume, Wiederverwendung bereits vorhandener M\u00f6bel und Accessoires.<\/li>\n<li>Schriftliche Beschreibung des Projektes mit einer Liste der Verbesserungsvorschl\u00e4ge vor dem Verkauf der Immobilie.<\/li>\n<li>Kostenvoranschlag.<\/li>\n<li>Realisierung des Projektes und falls n\u00f6tig, die zur Verf\u00fcgunstellung von M\u00f6beln, Accessoires, Beleuchtung.<\/li>\n<li>Wirksames Fotoshooting f\u00fcr die Pr\u00e4sentation der Immobilie im Internet.<\/li>\n<\/ul>\n<p>Kosten: die Kosten h\u00e4ngen vom Zustand der Immobilie ab. Normalerweise reicht es zwischen 1% bis 2% des Wertes zu investieren. Das kostet im Schnitt weniger als die Abwertung der Immobilie wenn sie zu lange am Markt bleibt.<\/p>\n<\/div><\/div><\/div><div class=\"fusion-clearfix\"><\/div><\/div><\/div><\/div><\/div><div class=\"fusion-fullwidth fullwidth-box fusion-builder-row-4 hundred-percent-fullwidth non-hundred-percent-height-scrolling fusion-equal-height-columns\" style=\"--awb-background-position:left top;--awb-border-radius-top-left:0px;--awb-border-radius-top-right:0px;--awb-border-radius-bottom-right:0px;--awb-border-radius-bottom-left:0px;--awb-padding-top:0px;--awb-padding-right:10%;--awb-padding-bottom:0px;--awb-padding-left:10%;--awb-background-color:#f6f6f6;--awb-border-sizes-top:0px;--awb-border-sizes-bottom:0px;--awb-flex-wrap:wrap;\" ><div class=\"fusion-builder-row fusion-row\"><div class=\"fusion-layout-column fusion_builder_column fusion-builder-column-5 fusion_builder_column_2_3 2_3 fusion-two-third fusion-column-first\" style=\"--awb-padding-top:10%;--awb-padding-right:10%;--awb-padding-bottom:10%;--awb-padding-left:10%;--awb-bg-color:#f6f6f6;--awb-bg-color-hover:#f6f6f6;--awb-bg-size:cover;--awb-margin-bottom:0px;\"><div class=\"fusion-column-wrapper fusion-flex-column-wrapper-legacy\"><div class=\"fusion-column-content-centered\"><div class=\"fusion-column-content\"><div class=\"fusion-text fusion-text-6\"><h3>VIRTUELLES HOME STAGING<\/h3>\n<p>Diese Dienstleistung ist optimal w\u00e4hrend der Bauphase der Immobilie. Die Dienstleistung beinhaltet die Vorbereitung einer virtuellen Einrichtung mittels eines fotorealistisches Rendering. Planung der R\u00e4umlichkeiten um den Kunden das wahre Potential einer Immobilie zu zeigen.<\/p>\n<p>Kosten: 600,00 \u20ac + MwSt. f\u00fcr die Realisierung von drei R\u00e4umlichkeiten.<\/p>\n<\/div><div class=\"fusion-button-wrapper\"><a class=\"fusion-button button-flat fusion-button-default-size button-default fusion-button-default button-1 fusion-button-default-span fusion-button-default-type\" style=\"--button_text_transform:uppercase;\" target=\"_self\" href=\"https:\/\/hstaging.it\/de\/kontakt\/\"><i class=\"fa-arrow-right fas button-icon-left\" aria-hidden=\"true\"><\/i><span class=\"fusion-button-text\">Infos Anfordern<\/span><\/a><\/div><\/div><\/div><div class=\"fusion-clearfix\"><\/div><\/div><\/div><div class=\"fusion-layout-column fusion_builder_column fusion-builder-column-6 fusion_builder_column_1_3 1_3 fusion-one-third fusion-column-last\" style=\"--awb-bg-image:url(&#039;https:\/\/hstaging.it\/wp-content\/uploads\/2016\/02\/foto_servizi_3.jpg&#039;);--awb-bg-position:center center;--awb-bg-size:cover;--awb-margin-bottom:0px;\"><div class=\"fusion-column-wrapper fusion-column-has-shadow fusion-flex-column-wrapper-legacy fusion-column-has-bg-image\" data-bg-url=\"https:\/\/hstaging.it\/wp-content\/uploads\/2016\/02\/foto_servizi_3.jpg\"><div class=\"fusion-text fusion-text-7\"><div style=\"background: #0084E9; padding: 10%;\">\n<h3><span style=\"color: #ffffff;\">VIRTUELLES HOME STAGING <\/span><\/h3>\n<\/div>\n<\/div><div class=\"fusion-clearfix\"><\/div><\/div><\/div><\/div><\/div>\n","protected":false},"excerpt":{"rendered":"","protected":false},"author":3,"featured_media":0,"parent":0,"menu_order":0,"comment_status":"closed","ping_status":"closed","template":"100-width.php","meta":{"footnotes":""},"class_list":["post-1119","page","type-page","status-publish","hentry"],"yoast_head":"<!-- This site is optimized with the Yoast SEO plugin v25.1 - https:\/\/yoast.com\/wordpress\/plugins\/seo\/ -->\n<title>HOME STAGING - hstaging.it<\/title>\n<meta name=\"robots\" content=\"index, follow, max-snippet:-1, max-image-preview:large, max-video-preview:-1\" \/>\n<link rel=\"canonical\" href=\"https:\/\/hstaging.it\/de\/home-staging\/\" \/>\n<meta property=\"og:locale\" content=\"de_DE\" \/>\n<meta property=\"og:type\" content=\"article\" \/>\n<meta property=\"og:title\" content=\"HOME STAGING - hstaging.it\" \/>\n<meta property=\"og:url\" content=\"https:\/\/hstaging.it\/de\/home-staging\/\" \/>\n<meta property=\"og:site_name\" content=\"hstaging.it\" \/>\n<meta property=\"article:publisher\" content=\"https:\/\/www.facebook.com\/homestagingmaradegaetano\" \/>\n<meta property=\"article:modified_time\" content=\"2024-12-11T08:50:35+00:00\" \/>\n<meta name=\"twitter:card\" content=\"summary_large_image\" \/>\n<meta name=\"twitter:label1\" content=\"Gesch\u00e4tzte Lesezeit\" \/>\n\t<meta name=\"twitter:data1\" content=\"7\u00a0Minuten\" \/>\n<script type=\"application\/ld+json\" class=\"yoast-schema-graph\">{\"@context\":\"https:\/\/schema.org\",\"@graph\":[{\"@type\":\"WebPage\",\"@id\":\"https:\/\/hstaging.it\/de\/home-staging\/\",\"url\":\"https:\/\/hstaging.it\/de\/home-staging\/\",\"name\":\"HOME STAGING - hstaging.it\",\"isPartOf\":{\"@id\":\"https:\/\/hstaging.it\/#website\"},\"datePublished\":\"2016-02-29T22:49:49+00:00\",\"dateModified\":\"2024-12-11T08:50:35+00:00\",\"breadcrumb\":{\"@id\":\"https:\/\/hstaging.it\/de\/home-staging\/#breadcrumb\"},\"inLanguage\":\"de\",\"potentialAction\":[{\"@type\":\"ReadAction\",\"target\":[\"https:\/\/hstaging.it\/de\/home-staging\/\"]}]},{\"@type\":\"BreadcrumbList\",\"@id\":\"https:\/\/hstaging.it\/de\/home-staging\/#breadcrumb\",\"itemListElement\":[{\"@type\":\"ListItem\",\"position\":1,\"name\":\"Home\",\"item\":\"https:\/\/hstaging.it\/de\/home\/\"},{\"@type\":\"ListItem\",\"position\":2,\"name\":\"HOME STAGING\"}]},{\"@type\":\"WebSite\",\"@id\":\"https:\/\/hstaging.it\/#website\",\"url\":\"https:\/\/hstaging.it\/\",\"name\":\"hstaging.it\",\"description\":\"Il sito per l&#039;home Staging\",\"potentialAction\":[{\"@type\":\"SearchAction\",\"target\":{\"@type\":\"EntryPoint\",\"urlTemplate\":\"https:\/\/hstaging.it\/?s={search_term_string}\"},\"query-input\":{\"@type\":\"PropertyValueSpecification\",\"valueRequired\":true,\"valueName\":\"search_term_string\"}}],\"inLanguage\":\"de\"}]}<\/script>\n<!-- \/ Yoast SEO plugin. -->","yoast_head_json":{"title":"HOME STAGING - hstaging.it","robots":{"index":"index","follow":"follow","max-snippet":"max-snippet:-1","max-image-preview":"max-image-preview:large","max-video-preview":"max-video-preview:-1"},"canonical":"https:\/\/hstaging.it\/de\/home-staging\/","og_locale":"de_DE","og_type":"article","og_title":"HOME STAGING - hstaging.it","og_url":"https:\/\/hstaging.it\/de\/home-staging\/","og_site_name":"hstaging.it","article_publisher":"https:\/\/www.facebook.com\/homestagingmaradegaetano","article_modified_time":"2024-12-11T08:50:35+00:00","twitter_card":"summary_large_image","twitter_misc":{"Gesch\u00e4tzte Lesezeit":"7\u00a0Minuten"},"schema":{"@context":"https:\/\/schema.org","@graph":[{"@type":"WebPage","@id":"https:\/\/hstaging.it\/de\/home-staging\/","url":"https:\/\/hstaging.it\/de\/home-staging\/","name":"HOME STAGING - hstaging.it","isPartOf":{"@id":"https:\/\/hstaging.it\/#website"},"datePublished":"2016-02-29T22:49:49+00:00","dateModified":"2024-12-11T08:50:35+00:00","breadcrumb":{"@id":"https:\/\/hstaging.it\/de\/home-staging\/#breadcrumb"},"inLanguage":"de","potentialAction":[{"@type":"ReadAction","target":["https:\/\/hstaging.it\/de\/home-staging\/"]}]},{"@type":"BreadcrumbList","@id":"https:\/\/hstaging.it\/de\/home-staging\/#breadcrumb","itemListElement":[{"@type":"ListItem","position":1,"name":"Home","item":"https:\/\/hstaging.it\/de\/home\/"},{"@type":"ListItem","position":2,"name":"HOME STAGING"}]},{"@type":"WebSite","@id":"https:\/\/hstaging.it\/#website","url":"https:\/\/hstaging.it\/","name":"hstaging.it","description":"Il sito per l&#039;home Staging","potentialAction":[{"@type":"SearchAction","target":{"@type":"EntryPoint","urlTemplate":"https:\/\/hstaging.it\/?s={search_term_string}"},"query-input":{"@type":"PropertyValueSpecification","valueRequired":true,"valueName":"search_term_string"}}],"inLanguage":"de"}]}},"_links":{"self":[{"href":"https:\/\/hstaging.it\/de\/wp-json\/wp\/v2\/pages\/1119","targetHints":{"allow":["GET"]}}],"collection":[{"href":"https:\/\/hstaging.it\/de\/wp-json\/wp\/v2\/pages"}],"about":[{"href":"https:\/\/hstaging.it\/de\/wp-json\/wp\/v2\/types\/page"}],"author":[{"embeddable":true,"href":"https:\/\/hstaging.it\/de\/wp-json\/wp\/v2\/users\/3"}],"replies":[{"embeddable":true,"href":"https:\/\/hstaging.it\/de\/wp-json\/wp\/v2\/comments?post=1119"}],"version-history":[{"count":10,"href":"https:\/\/hstaging.it\/de\/wp-json\/wp\/v2\/pages\/1119\/revisions"}],"predecessor-version":[{"id":4416,"href":"https:\/\/hstaging.it\/de\/wp-json\/wp\/v2\/pages\/1119\/revisions\/4416"}],"wp:attachment":[{"href":"https:\/\/hstaging.it\/de\/wp-json\/wp\/v2\/media?parent=1119"}],"curies":[{"name":"wp","href":"https:\/\/api.w.org\/{rel}","templated":true}]}}