{"id":1116,"date":"2016-02-29T22:28:17","date_gmt":"2016-02-29T22:28:17","guid":{"rendered":"http:\/\/hstaging.it.w018d290.kasserver.com\/de\/?page_id=1116"},"modified":"2024-12-11T08:50:35","modified_gmt":"2024-12-11T08:50:35","slug":"ich-stelle-mich-vor","status":"publish","type":"page","link":"https:\/\/hstaging.it\/de\/ich-stelle-mich-vor\/","title":{"rendered":"ICH STELLE MICH VOR"},"content":{"rendered":"<div class=\"fusion-fullwidth fullwidth-box fusion-builder-row-1 hundred-percent-fullwidth non-hundred-percent-height-scrolling fusion-equal-height-columns\" style=\"--awb-background-position:left top;--awb-border-radius-top-left:0px;--awb-border-radius-top-right:0px;--awb-border-radius-bottom-right:0px;--awb-border-radius-bottom-left:0px;--awb-padding-top:0px;--awb-padding-right:0px;--awb-padding-bottom:0px;--awb-padding-left:0px;--awb-background-color:#ffffff;--awb-border-sizes-top:0px;--awb-border-sizes-bottom:0px;--awb-flex-wrap:wrap;\" ><div class=\"fusion-builder-row fusion-row\"><div class=\"fusion-layout-column fusion_builder_column fusion-builder-column-0 fusion_builder_column_1_1 1_1 fusion-one-full fusion-column-first fusion-column-last\" style=\"--awb-padding-top:10%;--awb-padding-right:10%;--awb-padding-bottom:10%;--awb-padding-left:10%;--awb-bg-color:#f6f6f6;--awb-bg-color-hover:#f6f6f6;--awb-bg-size:cover;--awb-margin-bottom:0px;\"><div class=\"fusion-column-wrapper fusion-flex-column-wrapper-legacy\"><div class=\"fusion-column-content-centered\"><div class=\"fusion-column-content\"><div class=\"fusion-text fusion-text-1\"><p class=\"alignnone\" title=\"interior designer Mara De Gaetano\"><img decoding=\"async\" class=\"wp-image-3747 size-medium alignleft\" title=\"Mara De Gaetano, interior designer\" src=\"https:\/\/hstaging.it\/wp-content\/uploads\/2020\/02\/bni-merano-52-300x200.jpg\" alt=\"\" width=\"300\" height=\"200\" srcset=\"https:\/\/hstaging.it\/wp-content\/uploads\/2020\/02\/bni-merano-52-200x133.jpg 200w, https:\/\/hstaging.it\/wp-content\/uploads\/2020\/02\/bni-merano-52-300x200.jpg 300w, https:\/\/hstaging.it\/wp-content\/uploads\/2020\/02\/bni-merano-52-400x267.jpg 400w, https:\/\/hstaging.it\/wp-content\/uploads\/2020\/02\/bni-merano-52-600x400.jpg 600w, https:\/\/hstaging.it\/wp-content\/uploads\/2020\/02\/bni-merano-52-768x512.jpg 768w, https:\/\/hstaging.it\/wp-content\/uploads\/2020\/02\/bni-merano-52-800x533.jpg 800w, https:\/\/hstaging.it\/wp-content\/uploads\/2020\/02\/bni-merano-52-1024x683.jpg 1024w, https:\/\/hstaging.it\/wp-content\/uploads\/2020\/02\/bni-merano-52-1200x800.jpg 1200w, https:\/\/hstaging.it\/wp-content\/uploads\/2020\/02\/bni-merano-52-1536x1024.jpg 1536w, https:\/\/hstaging.it\/wp-content\/uploads\/2020\/02\/bni-merano-52.jpg 1920w\" sizes=\"(max-width: 300px) 100vw, 300px\" \/><\/p>\n<p>Architektur und Einrichtung waren schon immer meine Leidenschaft und deshalb habe ich beschlossen, sie zu meinem Beruf zu machen. Ich habe eine Leidenschaft f\u00fcr die sch\u00f6nen Dinge, suche nach Verbesserungsm\u00f6glichkeiten, auch nur mit wenigen, kleinen Eingriffen. Ich bin davon \u00fcberzeugt, dass ein Detail den Unterschied ausmacht.<\/p>\n<p>Ich bin seit 2003 im Unternehmen meiner Familie t\u00e4tig wo ich mich vorwiegend um Designl\u00f6sungen f\u00fcr B\u00e4der und den Ausstellungsraum widme. Nach den ersten Erfahrungen als Autodidakt habe ich beschlossen, einen Interior Design Kurs und ArredoCAD an der Design Akademie in Verona zu besuchen. Somit kann ich den Kunden eine fotorealistische Vorschau in 3D der Einrichtungsl\u00f6sungen anbieten.<\/p>\n<p>Dann habe ich beschlossen meine Projekte auf die Inneinrichtung aller R\u00e4umlichkeiten des Hauses auszuweiten, und habe versucht die verschiedenen Aspekte der Architektur durch Kurse und Reisen zu vertiefen.<\/p>\n<p>Mein st\u00e4ndiger Wunsch, mich beruflich weiterzuentwickeln hat mich dazu bewogen mit Begeisterung an einem Home Staging Kurs an der Home Staging School in Mailand teilzunehmen. Nun habe ich Design und Home Staging vereint um meinen Kunden ein einzigartiges und komplettes Angebot anbieten zu k\u00f6nnen.<\/p>\n<p>Um mein Wissen zu erweitern, habe ich au\u00dferdem einen Kurs f\u00fcr Immobilienmakler in Bozen besucht und die Qualifikation zur Immobilienvermittlung bei der \u00f6rtlichen Handelskammer erhalten.<\/p>\n<p>Dank der engen Zusammenarbeit mit dem Unternehmen meiner Familie habe ich die Gelegenheit laufend Informationen \u00fcber neue Materialien, Oberfl\u00e4chen und Veranstaltungen zu erhalten.<\/p>\n<p>Wenn es sich um die Durchf\u00fchrung der n\u00f6tigen Eingriffe handelt, habe ich au\u00dferdem die M\u00f6glichkeit \u00fcber qualifiziertes Personal zu verf\u00fcgen.<\/p>\n<p>Ich glaube dass Home Staging eine grundlegende Technik f\u00fcr den Verkauf von Immobilien ist, heute nennt man es Immobilien-Marketing: die richtige Anzeige erstellen, die R\u00e4ume ausstatten und die richtigen Fotos zu ver\u00f6ffentlichen um Emotionen zu wecken. Hauptziel des Home Staging ist es mehr Besucherzahlen und somit gr\u00f6\u00dfere Verkaufschancen zu erzielen; und dies ist mir bereits bei meinen ersten Eingriffen mit Erfolg gelungen. S. Jobs: \u201cder einzige Weg gro\u00dfartige Arbeit leisten zu k\u00f6nnen, ist zu lieben, was du tust\u201d.<\/p>\n<p>Home Staging wurde in den USA entwickelt und findet in Italien dank der APHSI Associazione Professionisti Home Staging Italia, der ich auch angeh\u00f6re, immer mehr Anwendung. Ich bin \u00fcberzeugt, dass diese T\u00e4tigkeit in Zukunft zunehmend Annerkennung finden wird, vor allem von diejenigen die sich in der gro\u00dfen Welt des Immobilienmarktes differenzieren wollen.<\/p>\n<p>Du findest mich auch unter Houzz!<\/p>\n<table style=\"width: 64px;\" cellspacing=\"0\" cellpadding=\"0\">\n<tbody>\n<tr>\n<td><a href=\"http:\/\/www.houzz.it\/pro\/mara3153\/\"><img decoding=\"async\" class=\"alignleft\" src=\"http:\/\/st.hzcdn.com\/static_it-IT\/badge64_64@2x.png\" alt=\"HStaging di Mara De Gaetano in Merano, IT su Houzz\" width=\"64\" height=\"64\" border=\"0\" \/><\/a><\/td>\n<\/tr>\n<\/tbody>\n<\/table>\n<\/div><\/div><\/div><div class=\"fusion-clearfix\"><\/div><\/div><\/div><\/div><\/div><div class=\"fusion-fullwidth fullwidth-box fusion-builder-row-2 hundred-percent-fullwidth non-hundred-percent-height-scrolling\" style=\"--awb-border-radius-top-left:0px;--awb-border-radius-top-right:0px;--awb-border-radius-bottom-right:0px;--awb-border-radius-bottom-left:0px;--awb-overflow:visible;--awb-padding-right:0px;--awb-padding-left:0px;--awb-flex-wrap:wrap;\" ><div class=\"fusion-builder-row fusion-row\"><div class=\"fusion-layout-column fusion_builder_column fusion-builder-column-1 fusion_builder_column_1_1 1_1 fusion-one-full fusion-column-first fusion-column-last fusion-column-no-min-height\" style=\"--awb-bg-size:cover;--awb-margin-bottom:0px;\"><div class=\"fusion-column-wrapper fusion-flex-column-wrapper-legacy\"><div class=\"fusion-text fusion-text-2\"><p>\u00a0<\/p>\n<\/div><div class=\"fusion-clearfix\"><\/div><\/div><\/div><\/div><\/div>\n","protected":false},"excerpt":{"rendered":"","protected":false},"author":3,"featured_media":0,"parent":0,"menu_order":0,"comment_status":"closed","ping_status":"open","template":"100-width.php","meta":{"footnotes":""},"class_list":["post-1116","page","type-page","status-publish","hentry"],"yoast_head":"<!-- This site is optimized with the Yoast SEO plugin v25.1 - https:\/\/yoast.com\/wordpress\/plugins\/seo\/ -->\n<title>ICH STELLE MICH VOR - hstaging.it<\/title>\n<meta name=\"robots\" content=\"index, follow, max-snippet:-1, max-image-preview:large, max-video-preview:-1\" \/>\n<link rel=\"canonical\" href=\"https:\/\/hstaging.it\/de\/ich-stelle-mich-vor\/\" \/>\n<meta property=\"og:locale\" content=\"de_DE\" \/>\n<meta property=\"og:type\" content=\"article\" \/>\n<meta property=\"og:title\" content=\"ICH STELLE MICH VOR - hstaging.it\" \/>\n<meta property=\"og:url\" content=\"https:\/\/hstaging.it\/de\/ich-stelle-mich-vor\/\" \/>\n<meta property=\"og:site_name\" content=\"hstaging.it\" \/>\n<meta property=\"article:publisher\" content=\"https:\/\/www.facebook.com\/homestagingmaradegaetano\" \/>\n<meta property=\"article:modified_time\" content=\"2024-12-11T08:50:35+00:00\" \/>\n<meta property=\"og:image\" content=\"https:\/\/hstaging.it\/wp-content\/uploads\/2020\/02\/bni-merano-52.jpg\" \/>\n\t<meta property=\"og:image:width\" content=\"1920\" \/>\n\t<meta property=\"og:image:height\" content=\"1280\" \/>\n\t<meta property=\"og:image:type\" content=\"image\/jpeg\" \/>\n<meta name=\"twitter:card\" content=\"summary_large_image\" \/>\n<meta name=\"twitter:label1\" content=\"Gesch\u00e4tzte Lesezeit\" \/>\n\t<meta name=\"twitter:data1\" content=\"3\u00a0Minuten\" \/>\n<script type=\"application\/ld+json\" class=\"yoast-schema-graph\">{\"@context\":\"https:\/\/schema.org\",\"@graph\":[{\"@type\":\"WebPage\",\"@id\":\"https:\/\/hstaging.it\/de\/ich-stelle-mich-vor\/\",\"url\":\"https:\/\/hstaging.it\/de\/ich-stelle-mich-vor\/\",\"name\":\"ICH STELLE MICH VOR - hstaging.it\",\"isPartOf\":{\"@id\":\"https:\/\/hstaging.it\/#website\"},\"primaryImageOfPage\":{\"@id\":\"https:\/\/hstaging.it\/de\/ich-stelle-mich-vor\/#primaryimage\"},\"image\":{\"@id\":\"https:\/\/hstaging.it\/de\/ich-stelle-mich-vor\/#primaryimage\"},\"thumbnailUrl\":\"https:\/\/hstaging.it\/wp-content\/uploads\/2020\/02\/bni-merano-52-300x200.jpg\",\"datePublished\":\"2016-02-29T22:28:17+00:00\",\"dateModified\":\"2024-12-11T08:50:35+00:00\",\"breadcrumb\":{\"@id\":\"https:\/\/hstaging.it\/de\/ich-stelle-mich-vor\/#breadcrumb\"},\"inLanguage\":\"de\",\"potentialAction\":[{\"@type\":\"ReadAction\",\"target\":[\"https:\/\/hstaging.it\/de\/ich-stelle-mich-vor\/\"]}]},{\"@type\":\"ImageObject\",\"inLanguage\":\"de\",\"@id\":\"https:\/\/hstaging.it\/de\/ich-stelle-mich-vor\/#primaryimage\",\"url\":\"https:\/\/hstaging.it\/wp-content\/uploads\/2020\/02\/bni-merano-52-300x200.jpg\",\"contentUrl\":\"https:\/\/hstaging.it\/wp-content\/uploads\/2020\/02\/bni-merano-52-300x200.jpg\"},{\"@type\":\"BreadcrumbList\",\"@id\":\"https:\/\/hstaging.it\/de\/ich-stelle-mich-vor\/#breadcrumb\",\"itemListElement\":[{\"@type\":\"ListItem\",\"position\":1,\"name\":\"Home\",\"item\":\"https:\/\/hstaging.it\/de\/home\/\"},{\"@type\":\"ListItem\",\"position\":2,\"name\":\"ICH STELLE MICH VOR\"}]},{\"@type\":\"WebSite\",\"@id\":\"https:\/\/hstaging.it\/#website\",\"url\":\"https:\/\/hstaging.it\/\",\"name\":\"hstaging.it\",\"description\":\"Il sito per l&#039;home Staging\",\"potentialAction\":[{\"@type\":\"SearchAction\",\"target\":{\"@type\":\"EntryPoint\",\"urlTemplate\":\"https:\/\/hstaging.it\/?s={search_term_string}\"},\"query-input\":{\"@type\":\"PropertyValueSpecification\",\"valueRequired\":true,\"valueName\":\"search_term_string\"}}],\"inLanguage\":\"de\"}]}<\/script>\n<!-- \/ Yoast SEO plugin. -->","yoast_head_json":{"title":"ICH STELLE MICH VOR - hstaging.it","robots":{"index":"index","follow":"follow","max-snippet":"max-snippet:-1","max-image-preview":"max-image-preview:large","max-video-preview":"max-video-preview:-1"},"canonical":"https:\/\/hstaging.it\/de\/ich-stelle-mich-vor\/","og_locale":"de_DE","og_type":"article","og_title":"ICH STELLE MICH VOR - hstaging.it","og_url":"https:\/\/hstaging.it\/de\/ich-stelle-mich-vor\/","og_site_name":"hstaging.it","article_publisher":"https:\/\/www.facebook.com\/homestagingmaradegaetano","article_modified_time":"2024-12-11T08:50:35+00:00","og_image":[{"width":1920,"height":1280,"url":"https:\/\/hstaging.it\/wp-content\/uploads\/2020\/02\/bni-merano-52.jpg","type":"image\/jpeg"}],"twitter_card":"summary_large_image","twitter_misc":{"Gesch\u00e4tzte Lesezeit":"3\u00a0Minuten"},"schema":{"@context":"https:\/\/schema.org","@graph":[{"@type":"WebPage","@id":"https:\/\/hstaging.it\/de\/ich-stelle-mich-vor\/","url":"https:\/\/hstaging.it\/de\/ich-stelle-mich-vor\/","name":"ICH STELLE MICH VOR - hstaging.it","isPartOf":{"@id":"https:\/\/hstaging.it\/#website"},"primaryImageOfPage":{"@id":"https:\/\/hstaging.it\/de\/ich-stelle-mich-vor\/#primaryimage"},"image":{"@id":"https:\/\/hstaging.it\/de\/ich-stelle-mich-vor\/#primaryimage"},"thumbnailUrl":"https:\/\/hstaging.it\/wp-content\/uploads\/2020\/02\/bni-merano-52-300x200.jpg","datePublished":"2016-02-29T22:28:17+00:00","dateModified":"2024-12-11T08:50:35+00:00","breadcrumb":{"@id":"https:\/\/hstaging.it\/de\/ich-stelle-mich-vor\/#breadcrumb"},"inLanguage":"de","potentialAction":[{"@type":"ReadAction","target":["https:\/\/hstaging.it\/de\/ich-stelle-mich-vor\/"]}]},{"@type":"ImageObject","inLanguage":"de","@id":"https:\/\/hstaging.it\/de\/ich-stelle-mich-vor\/#primaryimage","url":"https:\/\/hstaging.it\/wp-content\/uploads\/2020\/02\/bni-merano-52-300x200.jpg","contentUrl":"https:\/\/hstaging.it\/wp-content\/uploads\/2020\/02\/bni-merano-52-300x200.jpg"},{"@type":"BreadcrumbList","@id":"https:\/\/hstaging.it\/de\/ich-stelle-mich-vor\/#breadcrumb","itemListElement":[{"@type":"ListItem","position":1,"name":"Home","item":"https:\/\/hstaging.it\/de\/home\/"},{"@type":"ListItem","position":2,"name":"ICH STELLE MICH VOR"}]},{"@type":"WebSite","@id":"https:\/\/hstaging.it\/#website","url":"https:\/\/hstaging.it\/","name":"hstaging.it","description":"Il sito per l&#039;home Staging","potentialAction":[{"@type":"SearchAction","target":{"@type":"EntryPoint","urlTemplate":"https:\/\/hstaging.it\/?s={search_term_string}"},"query-input":{"@type":"PropertyValueSpecification","valueRequired":true,"valueName":"search_term_string"}}],"inLanguage":"de"}]}},"_links":{"self":[{"href":"https:\/\/hstaging.it\/de\/wp-json\/wp\/v2\/pages\/1116","targetHints":{"allow":["GET"]}}],"collection":[{"href":"https:\/\/hstaging.it\/de\/wp-json\/wp\/v2\/pages"}],"about":[{"href":"https:\/\/hstaging.it\/de\/wp-json\/wp\/v2\/types\/page"}],"author":[{"embeddable":true,"href":"https:\/\/hstaging.it\/de\/wp-json\/wp\/v2\/users\/3"}],"replies":[{"embeddable":true,"href":"https:\/\/hstaging.it\/de\/wp-json\/wp\/v2\/comments?post=1116"}],"version-history":[{"count":10,"href":"https:\/\/hstaging.it\/de\/wp-json\/wp\/v2\/pages\/1116\/revisions"}],"predecessor-version":[{"id":3749,"href":"https:\/\/hstaging.it\/de\/wp-json\/wp\/v2\/pages\/1116\/revisions\/3749"}],"wp:attachment":[{"href":"https:\/\/hstaging.it\/de\/wp-json\/wp\/v2\/media?parent=1116"}],"curies":[{"name":"wp","href":"https:\/\/api.w.org\/{rel}","templated":true}]}}